{"id":11460,"date":"2018-10-24T18:07:07","date_gmt":"2018-10-24T16:07:07","guid":{"rendered":"https:\/\/px0ddskuh.preview.infomaniak.website\/polizist\/"},"modified":"2022-04-04T13:27:40","modified_gmt":"2022-04-04T12:27:40","slug":"polizist","status":"publish","type":"page","link":"https:\/\/cifpol.ch\/de\/polizist\/","title":{"rendered":"Polizist\u00b7in"},"content":{"rendered":"<div class=\"wpb-content-wrapper\"><p>[vc_row][vc_column]<h3 class=\"grve-element grve-title grve-align-left grve-h3\" style=\"\"><span>Polizist\u00b7in im Alltag<\/span><\/h3>[vc_column_text]<em><strong>Gendarm\u00b7in<\/strong><\/em> <em>oder<\/em><em> <strong>Polizeiinspektor\u00b7in <\/strong><\/em><em>zu sein<\/em> heisst einen spannenden, anspruchsvollen und vielf\u00e4ltigen Beruf, im Dienste der Bev\u00f6lkerung, auszu\u00fcben.<\/p>\n<p><span style=\"font-size: 11.0pt; font-family: 'Arial',sans-serif;\">\u00a0<\/span>[\/vc_column_text][vc_row_inner][vc_column_inner width=&#8220;1\/3&#8243;][vc_column_text]<\/p>\n<h5><strong>Der\u00b7die Gendarm\u00b7in<\/strong><\/h5>\n<ul>\n<li>gew\u00e4hrleistet die ersten Interventionen<\/li>\n<li>f\u00fchrt administrative und strafrechtliche Ermittlungen durch<\/li>\n<li>stellt die \u00f6ffentliche Ordnung und die \u00dcberwachung des Strassenverkehrs sicher<\/li>\n<li>bewaffnet und in Uniform, arbeitet er 24 Stunden am Tag, nachts und am Wochenende<\/li>\n<li>Mann oder Frau, gew\u00e4hrleistet er die Interventionen der Anrufe auf die Nummer 117<\/li>\n<\/ul>\n<p>[\/vc_column_text][\/vc_column_inner][vc_column_inner width=&#8220;1\/3&#8243;][vc_column_text]<\/p>\n<h5><strong>Der\u00b7die Polizeiinspektor\u00b7in<\/strong><\/h5>\n<ul>\n<li>bearbeitet kriminelle und strafrechtliche, bedeutsame und komplexe F\u00e4lle<\/li>\n<li>bei seinen Ermittlungen sucht, h\u00e4lt an oder verhaftet er mutmassliche Straft\u00e4ter\u00b7innen<\/li>\n<li>nimmt die f\u00fcr die Ermittlungen notwendigen Einvernahmen vor<\/li>\n<li>arbeitet in einer Einheit, die s\u00e4mtliche kriminelle Aktivit\u00e4ten, wie Einbruchdiebstahl, Bet\u00e4ubungsmittel, wirtschaftliche Kriminalit\u00e4t, Jugendkriminalit\u00e4t\u2026, abdeckt<\/li>\n<li>ist bewaffnet und gew\u00e4hrleistet unregelm\u00e4ssige Arbeitszeiten<\/li>\n<\/ul>\n<p>[\/vc_column_text][\/vc_column_inner][vc_column_inner width=&#8220;1\/3&#8243;][vc_column_text]<\/p>\n<h5><strong>Der\u00b7die spezialisierte Polizist\u00b7in<\/strong><\/h5>\n<ul>\n<li>ermittelt in seinem Kompetenzbereich<\/li>\n<li>unterst\u00fctzt die \u00ab\u00a0allgemein\u00a0\u00bb Polizisten bei bestimmten Aspekten ihrer Ermittlungen<\/li>\n<li>stammt von anderen Kursen ab (h\u00f6here Schule oder Universit\u00e4t)<\/li>\n<li>verf\u00fcgt \u00fcber besondere Kompetenzen \u2013 Kriminalisten, Kriminologen, Psychologen, Ingenieure f\u00fcr Informationstechnologie (IT) oder Finanzanalytiker<\/li>\n<\/ul>\n<p>[\/vc_column_text][\/vc_column_inner][\/vc_row_inner][\/vc_column][\/vc_row][vc_row section_type=&#8220;fullwidth&#8220;][vc_column]<div class=\"grve-element grve-carousel-wrapper\"  style=\" \"><div class=\"grve-carousel-navigation grve-dark grve-navigation-1 grve-navigation-default\">\t<div class=\"grve-carousel-buttons\">\t\t<div class=\"grve-carousel-prev\">\t\t\t<i class=\"grve-icon-arrow-left-alt\"><\/i>\t\t<\/div>\t\t<div class=\"grve-carousel-next\">\t\t\t<i class=\"grve-icon-arrow-right-alt\"><\/i>\t\t<\/div>\t<\/div><\/div><div class=\"grve-slider grve-carousel-element\" data-slider-speed=\"3500\" data-slider-pause=\"no\" data-slider-autoplay=\"yes\" data-slider-autoheight=\"yes\"><div class=\"grve-slider-item\"><figure><div class=\"grve-media\"><img loading=\"lazy\" decoding=\"async\" width=\"1920\" height=\"720\" src=\"https:\/\/cifpol.ch\/wp-content\/uploads\/2018\/09\/Site_FRCH_032-1-1920x720.jpg\" class=\"attachment-blade-grve-fullscreen size-blade-grve-fullscreen\" alt=\"\" srcset=\"https:\/\/cifpol.ch\/wp-content\/uploads\/2018\/09\/Site_FRCH_032-1-1920x720.jpg 1920w, https:\/\/cifpol.ch\/wp-content\/uploads\/2018\/09\/Site_FRCH_032-1-300x112.jpg 300w, https:\/\/cifpol.ch\/wp-content\/uploads\/2018\/09\/Site_FRCH_032-1-768x288.jpg 768w, https:\/\/cifpol.ch\/wp-content\/uploads\/2018\/09\/Site_FRCH_032-1-1024x384.jpg 1024w, https:\/\/cifpol.ch\/wp-content\/uploads\/2018\/09\/Site_FRCH_032-1-1080x405.jpg 1080w, https:\/\/cifpol.ch\/wp-content\/uploads\/2018\/09\/Site_FRCH_032-1-600x225.jpg 600w\" sizes=\"auto, (max-width: 1920px) 100vw, 1920px\" \/><\/div><\/figure><\/div><div class=\"grve-slider-item\"><figure><div class=\"grve-media\"><img loading=\"lazy\" decoding=\"async\" width=\"1920\" height=\"720\" src=\"https:\/\/cifpol.ch\/wp-content\/uploads\/2018\/09\/Site_FRCH_069-1-1920x720.jpg\" class=\"attachment-blade-grve-fullscreen size-blade-grve-fullscreen\" alt=\"\" srcset=\"https:\/\/cifpol.ch\/wp-content\/uploads\/2018\/09\/Site_FRCH_069-1-1920x720.jpg 1920w, https:\/\/cifpol.ch\/wp-content\/uploads\/2018\/09\/Site_FRCH_069-1-300x113.jpg 300w, https:\/\/cifpol.ch\/wp-content\/uploads\/2018\/09\/Site_FRCH_069-1-768x288.jpg 768w, https:\/\/cifpol.ch\/wp-content\/uploads\/2018\/09\/Site_FRCH_069-1-1024x384.jpg 1024w, https:\/\/cifpol.ch\/wp-content\/uploads\/2018\/09\/Site_FRCH_069-1-1080x405.jpg 1080w, https:\/\/cifpol.ch\/wp-content\/uploads\/2018\/09\/Site_FRCH_069-1-600x225.jpg 600w\" sizes=\"auto, (max-width: 1920px) 100vw, 1920px\" \/><\/div><\/figure><\/div><div class=\"grve-slider-item\"><figure><div class=\"grve-media\"><img loading=\"lazy\" decoding=\"async\" width=\"1920\" height=\"720\" src=\"https:\/\/cifpol.ch\/wp-content\/uploads\/2018\/10\/Policier-7-1920x720.jpg\" class=\"attachment-blade-grve-fullscreen size-blade-grve-fullscreen\" alt=\"\" srcset=\"https:\/\/cifpol.ch\/wp-content\/uploads\/2018\/10\/Policier-7-1920x720.jpg 1920w, https:\/\/cifpol.ch\/wp-content\/uploads\/2018\/10\/Policier-7-300x113.jpg 300w, https:\/\/cifpol.ch\/wp-content\/uploads\/2018\/10\/Policier-7-768x288.jpg 768w, https:\/\/cifpol.ch\/wp-content\/uploads\/2018\/10\/Policier-7-1024x384.jpg 1024w\" sizes=\"auto, (max-width: 1920px) 100vw, 1920px\" \/><\/div><\/figure><\/div><div class=\"grve-slider-item\"><figure><div class=\"grve-media\"><img loading=\"lazy\" decoding=\"async\" width=\"1920\" height=\"720\" src=\"https:\/\/cifpol.ch\/wp-content\/uploads\/2018\/10\/Policier-4-1920x720.jpg\" class=\"attachment-blade-grve-fullscreen size-blade-grve-fullscreen\" alt=\"\" srcset=\"https:\/\/cifpol.ch\/wp-content\/uploads\/2018\/10\/Policier-4-1920x720.jpg 1920w, https:\/\/cifpol.ch\/wp-content\/uploads\/2018\/10\/Policier-4-300x113.jpg 300w, https:\/\/cifpol.ch\/wp-content\/uploads\/2018\/10\/Policier-4-768x288.jpg 768w, https:\/\/cifpol.ch\/wp-content\/uploads\/2018\/10\/Policier-4-1024x384.jpg 1024w\" sizes=\"auto, (max-width: 1920px) 100vw, 1920px\" \/><\/div><\/figure><\/div><div class=\"grve-slider-item\"><figure><div class=\"grve-media\"><img loading=\"lazy\" decoding=\"async\" width=\"1920\" height=\"720\" src=\"https:\/\/cifpol.ch\/wp-content\/uploads\/2018\/10\/Policier-2-1920x720.jpg\" class=\"attachment-blade-grve-fullscreen size-blade-grve-fullscreen\" alt=\"\" srcset=\"https:\/\/cifpol.ch\/wp-content\/uploads\/2018\/10\/Policier-2-1920x720.jpg 1920w, https:\/\/cifpol.ch\/wp-content\/uploads\/2018\/10\/Policier-2-300x113.jpg 300w, https:\/\/cifpol.ch\/wp-content\/uploads\/2018\/10\/Policier-2-768x288.jpg 768w, https:\/\/cifpol.ch\/wp-content\/uploads\/2018\/10\/Policier-2-1024x384.jpg 1024w\" sizes=\"auto, (max-width: 1920px) 100vw, 1920px\" \/><\/div><\/figure><\/div><div class=\"grve-slider-item\"><figure><div class=\"grve-media\"><img loading=\"lazy\" decoding=\"async\" width=\"1920\" height=\"720\" src=\"https:\/\/cifpol.ch\/wp-content\/uploads\/2018\/09\/Site_FRCH_054-1-1920x720.jpg\" class=\"attachment-blade-grve-fullscreen size-blade-grve-fullscreen\" alt=\"\" srcset=\"https:\/\/cifpol.ch\/wp-content\/uploads\/2018\/09\/Site_FRCH_054-1-1920x720.jpg 1920w, https:\/\/cifpol.ch\/wp-content\/uploads\/2018\/09\/Site_FRCH_054-1-300x113.jpg 300w, https:\/\/cifpol.ch\/wp-content\/uploads\/2018\/09\/Site_FRCH_054-1-768x288.jpg 768w, https:\/\/cifpol.ch\/wp-content\/uploads\/2018\/09\/Site_FRCH_054-1-1024x384.jpg 1024w, https:\/\/cifpol.ch\/wp-content\/uploads\/2018\/09\/Site_FRCH_054-1-1080x405.jpg 1080w, https:\/\/cifpol.ch\/wp-content\/uploads\/2018\/09\/Site_FRCH_054-1-600x225.jpg 600w\" sizes=\"auto, (max-width: 1920px) 100vw, 1920px\" \/><\/div><\/figure><\/div><div class=\"grve-slider-item\"><figure><div class=\"grve-media\"><img loading=\"lazy\" decoding=\"async\" width=\"1920\" height=\"720\" src=\"https:\/\/cifpol.ch\/wp-content\/uploads\/2018\/09\/Site_FRCH_147-1920x720.jpg\" class=\"attachment-blade-grve-fullscreen size-blade-grve-fullscreen\" alt=\"\" srcset=\"https:\/\/cifpol.ch\/wp-content\/uploads\/2018\/09\/Site_FRCH_147-1920x720.jpg 1920w, https:\/\/cifpol.ch\/wp-content\/uploads\/2018\/09\/Site_FRCH_147-300x113.jpg 300w, https:\/\/cifpol.ch\/wp-content\/uploads\/2018\/09\/Site_FRCH_147-768x288.jpg 768w, https:\/\/cifpol.ch\/wp-content\/uploads\/2018\/09\/Site_FRCH_147-1024x384.jpg 1024w, https:\/\/cifpol.ch\/wp-content\/uploads\/2018\/09\/Site_FRCH_147-1080x405.jpg 1080w, https:\/\/cifpol.ch\/wp-content\/uploads\/2018\/09\/Site_FRCH_147-600x225.jpg 600w\" sizes=\"auto, (max-width: 1920px) 100vw, 1920px\" \/><\/div><\/figure><\/div><div class=\"grve-slider-item\"><figure><div class=\"grve-media\"><img loading=\"lazy\" decoding=\"async\" width=\"1920\" height=\"720\" src=\"https:\/\/cifpol.ch\/wp-content\/uploads\/2018\/09\/Site_FRCH_135-1920x720.jpg\" class=\"attachment-blade-grve-fullscreen size-blade-grve-fullscreen\" alt=\"\" srcset=\"https:\/\/cifpol.ch\/wp-content\/uploads\/2018\/09\/Site_FRCH_135-1920x720.jpg 1920w, https:\/\/cifpol.ch\/wp-content\/uploads\/2018\/09\/Site_FRCH_135-300x113.jpg 300w, https:\/\/cifpol.ch\/wp-content\/uploads\/2018\/09\/Site_FRCH_135-768x288.jpg 768w, https:\/\/cifpol.ch\/wp-content\/uploads\/2018\/09\/Site_FRCH_135-1024x384.jpg 1024w, https:\/\/cifpol.ch\/wp-content\/uploads\/2018\/09\/Site_FRCH_135-1080x405.jpg 1080w, https:\/\/cifpol.ch\/wp-content\/uploads\/2018\/09\/Site_FRCH_135-600x225.jpg 600w\" sizes=\"auto, (max-width: 1920px) 100vw, 1920px\" \/><\/div><\/figure><\/div><div class=\"grve-slider-item\"><figure><div class=\"grve-media\"><img loading=\"lazy\" decoding=\"async\" width=\"1920\" height=\"720\" src=\"https:\/\/cifpol.ch\/wp-content\/uploads\/2018\/09\/Site_FRCH_007-1-1920x720.jpg\" class=\"attachment-blade-grve-fullscreen size-blade-grve-fullscreen\" alt=\"\" srcset=\"https:\/\/cifpol.ch\/wp-content\/uploads\/2018\/09\/Site_FRCH_007-1-1920x720.jpg 1920w, https:\/\/cifpol.ch\/wp-content\/uploads\/2018\/09\/Site_FRCH_007-1-300x113.jpg 300w, https:\/\/cifpol.ch\/wp-content\/uploads\/2018\/09\/Site_FRCH_007-1-768x288.jpg 768w, https:\/\/cifpol.ch\/wp-content\/uploads\/2018\/09\/Site_FRCH_007-1-1024x384.jpg 1024w, https:\/\/cifpol.ch\/wp-content\/uploads\/2018\/09\/Site_FRCH_007-1-1080x405.jpg 1080w, https:\/\/cifpol.ch\/wp-content\/uploads\/2018\/09\/Site_FRCH_007-1-600x225.jpg 600w\" sizes=\"auto, (max-width: 1920px) 100vw, 1920px\" \/><\/div><\/figure><\/div><div class=\"grve-slider-item\"><figure><div class=\"grve-media\"><img loading=\"lazy\" decoding=\"async\" width=\"1920\" height=\"720\" src=\"https:\/\/cifpol.ch\/wp-content\/uploads\/2018\/10\/Policier-9-1920x720.jpg\" class=\"attachment-blade-grve-fullscreen size-blade-grve-fullscreen\" alt=\"\" srcset=\"https:\/\/cifpol.ch\/wp-content\/uploads\/2018\/10\/Policier-9-1920x720.jpg 1920w, https:\/\/cifpol.ch\/wp-content\/uploads\/2018\/10\/Policier-9-300x113.jpg 300w, https:\/\/cifpol.ch\/wp-content\/uploads\/2018\/10\/Policier-9-768x288.jpg 768w, https:\/\/cifpol.ch\/wp-content\/uploads\/2018\/10\/Policier-9-1024x384.jpg 1024w\" sizes=\"auto, (max-width: 1920px) 100vw, 1920px\" \/><\/div><\/figure><\/div><\/div><\/div>[\/vc_column][\/vc_row]<\/p>\n<\/div>","protected":false},"excerpt":{"rendered":"<p>[vc_row][vc_column][vc_column_text]Gendarm\u00b7in oder Polizeiinspektor\u00b7in zu sein heisst einen spannenden, anspruchsvollen und vielf\u00e4ltigen Beruf, im Dienste der Bev\u00f6lkerung, auszu\u00fcben. \u00a0[\/vc_column_text][vc_row_inner][vc_column_inner width=&#8220;1\/3&#8243;][vc_column_text] Der\u00b7die Gendarm\u00b7in gew\u00e4hrleistet die ersten Interventionen f\u00fchrt administrative und strafrechtliche Ermittlungen durch stellt die \u00f6ffentliche Ordnung und die \u00dcberwachung des Strassenverkehrs sicher bewaffnet und in Uniform, arbeitet er 24 Stunden am Tag, nachts und am Wochenende [&hellip;]<\/p>\n","protected":false},"author":5,"featured_media":0,"parent":0,"menu_order":0,"comment_status":"closed","ping_status":"closed","template":"","meta":{"footnotes":""},"class_list":["post-11460","page","type-page","status-publish","hentry"],"_links":{"self":[{"href":"https:\/\/cifpol.ch\/de\/wp-json\/wp\/v2\/pages\/11460","targetHints":{"allow":["GET"]}}],"collection":[{"href":"https:\/\/cifpol.ch\/de\/wp-json\/wp\/v2\/pages"}],"about":[{"href":"https:\/\/cifpol.ch\/de\/wp-json\/wp\/v2\/types\/page"}],"author":[{"embeddable":true,"href":"https:\/\/cifpol.ch\/de\/wp-json\/wp\/v2\/users\/5"}],"replies":[{"embeddable":true,"href":"https:\/\/cifpol.ch\/de\/wp-json\/wp\/v2\/comments?post=11460"}],"version-history":[{"count":4,"href":"https:\/\/cifpol.ch\/de\/wp-json\/wp\/v2\/pages\/11460\/revisions"}],"predecessor-version":[{"id":11755,"href":"https:\/\/cifpol.ch\/de\/wp-json\/wp\/v2\/pages\/11460\/revisions\/11755"}],"wp:attachment":[{"href":"https:\/\/cifpol.ch\/de\/wp-json\/wp\/v2\/media?parent=11460"}],"curies":[{"name":"wp","href":"https:\/\/api.w.org\/{rel}","templated":true}]}}