{"id":11454,"date":"2018-08-13T17:10:41","date_gmt":"2018-08-13T15:10:41","guid":{"rendered":"https:\/\/px0ddskuh.preview.infomaniak.website\/ecole-de-police\/"},"modified":"2022-04-04T13:18:48","modified_gmt":"2022-04-04T12:18:48","slug":"ecole-de-police","status":"publish","type":"page","link":"https:\/\/cifpol.ch\/de\/ecole-de-police\/","title":{"rendered":"Polizeischule"},"content":{"rendered":"<div class=\"wpb-content-wrapper\"><p>[vc_row][vc_column]<h3 class=\"grve-element grve-title grve-align-left grve-h3\" style=\"\"><span>Ablauf der Polizeischule<\/span><\/h3>[\/vc_column][\/vc_row][vc_row][vc_column width=&#8220;1\/3&#8243;][vc_column_text]<\/p>\n<h5><strong>Ein erstes theoretisches und praktisches Schuljahr<\/strong><\/h5>\n<ul>\n<li>Ausbildungen im Klassenzimmer und im Terrain<\/li>\n<li>praktische \u00dcbungen, \u00ab\u00a0Block-Wochen\u00a0\u00bb, ausser Haus (Kasernen, Zivilschutzanlagen, Biwak). Dauer 7 Wochen<\/li>\n<li>Praktika in den Polizeikorps. Dauer 6 Wochen<\/li>\n<li>T\u00e4gliche Arbeitszeiten variieren je nach Programm der Aktivit\u00e4ten (Ferien werden von der Schule festgelegt\u00a0; Wochenenden und Feiertage, ausser bei besonderen Ereignissen, sind frei)<\/li>\n<li>Der Fortschritt ist Bestandteil regelm\u00e4ssiger Beurteilungen. Deren Erfolg ist die Voraussetzung f\u00fcr die Anmeldung zur Pr\u00fcfung der operationellen Kompetenzen, die dieses erste Jahr kr\u00f6nt.<\/li>\n<\/ul>\n<p>[\/vc_column_text][\/vc_column][vc_column width=&#8220;1\/3&#8243;][vc_column_text]<\/p>\n<h5><strong>Ein zweites, praktisches Jahr, in den Polizeikorps<\/strong><\/h5>\n<ul>\n<li>betreut von einem Coach<\/li>\n<li>gefolgt von einem Mentor<\/li>\n<li>erfordert die t\u00e4gliche Erstellung eines Portfolios<\/li>\n<li>Das Programm variiert je nach Polizeikorps und f\u00fchrt zur eidgen\u00f6ssischen Berufspr\u00fcfung f\u00fcr den <u><a href=\"https:\/\/www.edupolice.ch\/de\/prufungen\/fachausweis\">Fachausweis Polizist\u00b7in<\/a><\/u><\/li>\n<\/ul>\n<p>[\/vc_column_text][\/vc_column][vc_column width=&#8220;1\/3&#8243;]<div class=\"grve-element grve-progress-bars grve-style-2 grve-line-square\" style=\"\"><div class=\"grve-element grve-progress-bar grve-margin-10\" data-value=\"13\">  <div class=\"grve-small-text grve-bar-title\">Allgemeine Polizeiausbildung und B\u00fcrgernahe Polizei<\/div>  <div class=\"grve-bar\">    <div class=\"grve-bar-line grve-bg-grey\" style=\"height: 4px;\"><\/div>  <\/div><\/div><div class=\"grve-element grve-progress-bar grve-margin-10\" data-value=\"14\">  <div class=\"grve-small-text grve-bar-title\">Recht + Ethik + Polizeipsychologie<\/div>  <div class=\"grve-bar\">    <div class=\"grve-bar-line grve-bg-grey\" style=\"height: 4px;\"><\/div>  <\/div><\/div><div class=\"grve-element grve-progress-bar grve-margin-10\" data-value=\"18\">  <div class=\"grve-small-text grve-bar-title\">Kriminalpolizei<\/div>  <div class=\"grve-bar\">    <div class=\"grve-bar-line grve-bg-grey\" style=\"height: 4px;\"><\/div>  <\/div><\/div><div class=\"grve-element grve-progress-bar grve-margin-10\" data-value=\"16\">  <div class=\"grve-small-text grve-bar-title\">Verkehr<\/div>  <div class=\"grve-bar\">    <div class=\"grve-bar-line grve-bg-grey\" style=\"height: 4px;\"><\/div>  <\/div><\/div><div class=\"grve-element grve-progress-bar grve-margin-10\" data-value=\"30\">  <div class=\"grve-small-text grve-bar-title\">Technische Polizeiausbildung <\/div>  <div class=\"grve-bar\">    <div class=\"grve-bar-line grve-bg-grey\" style=\"height: 4px;\"><\/div>  <\/div><\/div><div class=\"grve-element grve-progress-bar grve-margin-10\" data-value=\"9\">  <div class=\"grve-small-text grve-bar-title\">Sport &amp; Gesundheit<\/div>  <div class=\"grve-bar\">    <div class=\"grve-bar-line grve-bg-grey\" style=\"height: 4px;\"><\/div>  <\/div><\/div><\/div>[\/vc_column][\/vc_row][vc_row section_type=&#8220;fullwidth&#8220;][vc_column]<div class=\"grve-element grve-carousel-wrapper\"  style=\" \"><div class=\"grve-carousel-navigation grve-dark grve-navigation-1 grve-navigation-default\">\t<div class=\"grve-carousel-buttons\">\t\t<div class=\"grve-carousel-prev\">\t\t\t<i class=\"grve-icon-arrow-left-alt\"><\/i>\t\t<\/div>\t\t<div class=\"grve-carousel-next\">\t\t\t<i class=\"grve-icon-arrow-right-alt\"><\/i>\t\t<\/div>\t<\/div><\/div><div class=\"grve-slider grve-carousel-element\" data-slider-speed=\"3500\" data-slider-pause=\"no\" data-slider-autoplay=\"yes\" data-slider-autoheight=\"no\"><div class=\"grve-slider-item\"><figure><div class=\"grve-media\"><img loading=\"lazy\" decoding=\"async\" width=\"1920\" height=\"720\" src=\"https:\/\/cifpol.ch\/wp-content\/uploads\/2018\/10\/CIFPOL_15-1920x720.jpg\" class=\"attachment-blade-grve-fullscreen size-blade-grve-fullscreen\" alt=\"\" srcset=\"https:\/\/cifpol.ch\/wp-content\/uploads\/2018\/10\/CIFPOL_15-1920x720.jpg 1920w, https:\/\/cifpol.ch\/wp-content\/uploads\/2018\/10\/CIFPOL_15-300x113.jpg 300w, https:\/\/cifpol.ch\/wp-content\/uploads\/2018\/10\/CIFPOL_15-768x288.jpg 768w, https:\/\/cifpol.ch\/wp-content\/uploads\/2018\/10\/CIFPOL_15-1024x384.jpg 1024w\" sizes=\"auto, (max-width: 1920px) 100vw, 1920px\" \/><\/div><\/figure><\/div><div class=\"grve-slider-item\"><figure><div class=\"grve-media\"><\/div><\/figure><\/div><div class=\"grve-slider-item\"><figure><div class=\"grve-media\"><img loading=\"lazy\" decoding=\"async\" width=\"1920\" height=\"720\" src=\"https:\/\/cifpol.ch\/wp-content\/uploads\/2018\/10\/CIFPOL_21-1920x720.jpg\" class=\"attachment-blade-grve-fullscreen size-blade-grve-fullscreen\" alt=\"\" srcset=\"https:\/\/cifpol.ch\/wp-content\/uploads\/2018\/10\/CIFPOL_21-1920x720.jpg 1920w, https:\/\/cifpol.ch\/wp-content\/uploads\/2018\/10\/CIFPOL_21-300x113.jpg 300w, https:\/\/cifpol.ch\/wp-content\/uploads\/2018\/10\/CIFPOL_21-768x288.jpg 768w, https:\/\/cifpol.ch\/wp-content\/uploads\/2018\/10\/CIFPOL_21-1024x384.jpg 1024w\" sizes=\"auto, (max-width: 1920px) 100vw, 1920px\" \/><\/div><\/figure><\/div><div class=\"grve-slider-item\"><figure><div class=\"grve-media\"><img loading=\"lazy\" decoding=\"async\" width=\"1920\" height=\"720\" src=\"https:\/\/cifpol.ch\/wp-content\/uploads\/2018\/10\/CIFPOL_25-1920x720.jpg\" class=\"attachment-blade-grve-fullscreen size-blade-grve-fullscreen\" alt=\"\" srcset=\"https:\/\/cifpol.ch\/wp-content\/uploads\/2018\/10\/CIFPOL_25-1920x720.jpg 1920w, https:\/\/cifpol.ch\/wp-content\/uploads\/2018\/10\/CIFPOL_25-300x113.jpg 300w, https:\/\/cifpol.ch\/wp-content\/uploads\/2018\/10\/CIFPOL_25-768x288.jpg 768w, https:\/\/cifpol.ch\/wp-content\/uploads\/2018\/10\/CIFPOL_25-1024x384.jpg 1024w\" sizes=\"auto, (max-width: 1920px) 100vw, 1920px\" \/><\/div><\/figure><\/div><div class=\"grve-slider-item\"><figure><div class=\"grve-media\"><img loading=\"lazy\" decoding=\"async\" width=\"1920\" height=\"720\" src=\"https:\/\/cifpol.ch\/wp-content\/uploads\/2018\/10\/CIFPOL_29-1920x720.jpg\" class=\"attachment-blade-grve-fullscreen size-blade-grve-fullscreen\" alt=\"\" srcset=\"https:\/\/cifpol.ch\/wp-content\/uploads\/2018\/10\/CIFPOL_29-1920x720.jpg 1920w, https:\/\/cifpol.ch\/wp-content\/uploads\/2018\/10\/CIFPOL_29-300x113.jpg 300w, https:\/\/cifpol.ch\/wp-content\/uploads\/2018\/10\/CIFPOL_29-768x288.jpg 768w, https:\/\/cifpol.ch\/wp-content\/uploads\/2018\/10\/CIFPOL_29-1024x384.jpg 1024w\" sizes=\"auto, (max-width: 1920px) 100vw, 1920px\" \/><\/div><\/figure><\/div><div class=\"grve-slider-item\"><figure><div class=\"grve-media\"><img loading=\"lazy\" decoding=\"async\" width=\"1920\" height=\"720\" src=\"https:\/\/cifpol.ch\/wp-content\/uploads\/2018\/10\/CIFPOL_30-1920x720.jpg\" class=\"attachment-blade-grve-fullscreen size-blade-grve-fullscreen\" alt=\"\" srcset=\"https:\/\/cifpol.ch\/wp-content\/uploads\/2018\/10\/CIFPOL_30-1920x720.jpg 1920w, https:\/\/cifpol.ch\/wp-content\/uploads\/2018\/10\/CIFPOL_30-300x113.jpg 300w, https:\/\/cifpol.ch\/wp-content\/uploads\/2018\/10\/CIFPOL_30-768x288.jpg 768w, https:\/\/cifpol.ch\/wp-content\/uploads\/2018\/10\/CIFPOL_30-1024x384.jpg 1024w\" sizes=\"auto, (max-width: 1920px) 100vw, 1920px\" \/><\/div><\/figure><\/div><div class=\"grve-slider-item\"><figure><div class=\"grve-media\"><img loading=\"lazy\" decoding=\"async\" width=\"1920\" height=\"720\" src=\"https:\/\/cifpol.ch\/wp-content\/uploads\/2018\/10\/CIFPOL_36-1920x720.jpg\" class=\"attachment-blade-grve-fullscreen size-blade-grve-fullscreen\" alt=\"\" srcset=\"https:\/\/cifpol.ch\/wp-content\/uploads\/2018\/10\/CIFPOL_36-1920x720.jpg 1920w, https:\/\/cifpol.ch\/wp-content\/uploads\/2018\/10\/CIFPOL_36-300x113.jpg 300w, https:\/\/cifpol.ch\/wp-content\/uploads\/2018\/10\/CIFPOL_36-768x288.jpg 768w, https:\/\/cifpol.ch\/wp-content\/uploads\/2018\/10\/CIFPOL_36-1024x384.jpg 1024w\" sizes=\"auto, (max-width: 1920px) 100vw, 1920px\" \/><\/div><\/figure><\/div><div class=\"grve-slider-item\"><figure><div class=\"grve-media\"><img loading=\"lazy\" decoding=\"async\" width=\"1920\" height=\"720\" src=\"https:\/\/cifpol.ch\/wp-content\/uploads\/2018\/10\/CIFPOL_37-1920x720.jpg\" class=\"attachment-blade-grve-fullscreen size-blade-grve-fullscreen\" alt=\"\" srcset=\"https:\/\/cifpol.ch\/wp-content\/uploads\/2018\/10\/CIFPOL_37-1920x720.jpg 1920w, https:\/\/cifpol.ch\/wp-content\/uploads\/2018\/10\/CIFPOL_37-300x113.jpg 300w, https:\/\/cifpol.ch\/wp-content\/uploads\/2018\/10\/CIFPOL_37-768x288.jpg 768w, https:\/\/cifpol.ch\/wp-content\/uploads\/2018\/10\/CIFPOL_37-1024x384.jpg 1024w\" sizes=\"auto, (max-width: 1920px) 100vw, 1920px\" \/><\/div><\/figure><\/div><div class=\"grve-slider-item\"><figure><div class=\"grve-media\"><img loading=\"lazy\" decoding=\"async\" width=\"1920\" height=\"720\" src=\"https:\/\/cifpol.ch\/wp-content\/uploads\/2018\/10\/CIFPOL_11-1920x720.jpg\" class=\"attachment-blade-grve-fullscreen size-blade-grve-fullscreen\" alt=\"\" srcset=\"https:\/\/cifpol.ch\/wp-content\/uploads\/2018\/10\/CIFPOL_11-1920x720.jpg 1920w, https:\/\/cifpol.ch\/wp-content\/uploads\/2018\/10\/CIFPOL_11-300x113.jpg 300w, https:\/\/cifpol.ch\/wp-content\/uploads\/2018\/10\/CIFPOL_11-768x288.jpg 768w, https:\/\/cifpol.ch\/wp-content\/uploads\/2018\/10\/CIFPOL_11-1024x384.jpg 1024w\" sizes=\"auto, (max-width: 1920px) 100vw, 1920px\" \/><\/div><\/figure><\/div><div class=\"grve-slider-item\"><figure><div class=\"grve-media\"><img loading=\"lazy\" decoding=\"async\" width=\"1920\" height=\"720\" src=\"https:\/\/cifpol.ch\/wp-content\/uploads\/2018\/10\/CIFPOL_08-1920x720.jpg\" class=\"attachment-blade-grve-fullscreen size-blade-grve-fullscreen\" alt=\"\" srcset=\"https:\/\/cifpol.ch\/wp-content\/uploads\/2018\/10\/CIFPOL_08-1920x720.jpg 1920w, https:\/\/cifpol.ch\/wp-content\/uploads\/2018\/10\/CIFPOL_08-300x113.jpg 300w, https:\/\/cifpol.ch\/wp-content\/uploads\/2018\/10\/CIFPOL_08-768x288.jpg 768w, https:\/\/cifpol.ch\/wp-content\/uploads\/2018\/10\/CIFPOL_08-1024x384.jpg 1024w\" sizes=\"auto, (max-width: 1920px) 100vw, 1920px\" \/><\/div><\/figure><\/div><\/div><\/div>[\/vc_column][\/vc_row]<\/p>\n<\/div>","protected":false},"excerpt":{"rendered":"<p>[vc_row][vc_column][\/vc_column][\/vc_row][vc_row][vc_column width=&#8220;1\/3&#8243;][vc_column_text] Ein erstes theoretisches und praktisches Schuljahr Ausbildungen im Klassenzimmer und im Terrain praktische \u00dcbungen, \u00ab\u00a0Block-Wochen\u00a0\u00bb, ausser Haus (Kasernen, Zivilschutzanlagen, Biwak). Dauer 7 Wochen Praktika in den Polizeikorps. Dauer 6 Wochen T\u00e4gliche Arbeitszeiten variieren je nach Programm der Aktivit\u00e4ten (Ferien werden von der Schule festgelegt\u00a0; Wochenenden und Feiertage, ausser bei besonderen Ereignissen, sind frei) [&hellip;]<\/p>\n","protected":false},"author":5,"featured_media":0,"parent":0,"menu_order":0,"comment_status":"closed","ping_status":"closed","template":"","meta":{"footnotes":""},"class_list":["post-11454","page","type-page","status-publish","hentry"],"_links":{"self":[{"href":"https:\/\/cifpol.ch\/de\/wp-json\/wp\/v2\/pages\/11454","targetHints":{"allow":["GET"]}}],"collection":[{"href":"https:\/\/cifpol.ch\/de\/wp-json\/wp\/v2\/pages"}],"about":[{"href":"https:\/\/cifpol.ch\/de\/wp-json\/wp\/v2\/types\/page"}],"author":[{"embeddable":true,"href":"https:\/\/cifpol.ch\/de\/wp-json\/wp\/v2\/users\/5"}],"replies":[{"embeddable":true,"href":"https:\/\/cifpol.ch\/de\/wp-json\/wp\/v2\/comments?post=11454"}],"version-history":[{"count":9,"href":"https:\/\/cifpol.ch\/de\/wp-json\/wp\/v2\/pages\/11454\/revisions"}],"predecessor-version":[{"id":11749,"href":"https:\/\/cifpol.ch\/de\/wp-json\/wp\/v2\/pages\/11454\/revisions\/11749"}],"wp:attachment":[{"href":"https:\/\/cifpol.ch\/de\/wp-json\/wp\/v2\/media?parent=11454"}],"curies":[{"name":"wp","href":"https:\/\/api.w.org\/{rel}","templated":true}]}}