{"id":11432,"date":"2018-08-13T17:11:21","date_gmt":"2018-08-13T15:11:21","guid":{"rendered":"https:\/\/px0ddskuh.preview.infomaniak.website\/autres-formations\/"},"modified":"2022-04-04T13:34:28","modified_gmt":"2022-04-04T12:34:28","slug":"autres-formations","status":"publish","type":"page","link":"https:\/\/cifpol.ch\/de\/autres-formations\/","title":{"rendered":"Andere Ausbildungen"},"content":{"rendered":"<div class=\"wpb-content-wrapper\"><p>[vc_row][vc_column]<h3 class=\"grve-element grve-title grve-align-left grve-h3\" style=\"\"><span>Andere Ausbildungen<\/span><\/h3>[\/vc_column][\/vc_row][vc_row][vc_column width=&#8220;1\/2&#8243; css=&#8220;.vc_custom_1539184170176{margin-bottom: 32px !important;}&#8220;]<h5 class=\"grve-element grve-title grve-align-left grve-h5\" style=\"\"><span>Sicherheitsassistenten<\/span><\/h5>[vc_column_text]<\/p>\n<p>Der\u00b7die Sicherheitsassistent\u00b7in f\u00fchrt administrative und sicherheitstechnische Auftr\u00e4ge, einige als Unterst\u00fctzung von Polizisten\u00b7innen, aus.<\/p>\n<p>Er\u00b7sie kann eingesetzt werden\u2026<\/p>\n<ul>\n<li>am Empfangsschalter einer Gemeinde- oder Kantonspolizei<\/li>\n<li>in einer Einsatzzentrale<\/li>\n<li>in jedem anderen Umfeld<\/li>\n<\/ul>\n<p>in jedem anderen Umfeld, zum Beispiel, im Terrain, zur Unterst\u00fctzung von Polizisten\u00b7innen.<\/p>\n<p>[\/vc_column_text][vc_column_text]<\/p>\n<p>Personen, die sich f\u00fcr die Ausbildung als Sicherheitsassistent\u00b7in interessieren m\u00fcssen vorab von einem Partner-Polizeikorps, einem Korps das nicht der Vereinbarung unterliegt oder einer Gemeindebeh\u00f6rde angestellt werden.<\/p>\n<p>Jeder Arbeitgeber nimmt die Rekrutierung der zuk\u00fcnftigen Sicherheitsassistenten\u00b7innen vor und meldet diese beim IPaz an.<\/p>\n<p>[\/vc_column_text][\/vc_column][vc_column width=&#8220;1\/2&#8243; css=&#8220;.vc_custom_1539184177897{margin-bottom: 32px !important;}&#8220;]<h5 class=\"grve-element grve-title grve-align-left grve-h5\" style=\"\"><span>Ablauf der Ausbildung<\/span><\/h5>[vc_column_text]Die im IPaz erteilten Module sind\u00a0:<\/p>\n<p>Das Basismodul (Grundkenntnisse \u2013 pers\u00f6nliche Sicherheit 1) und das spezifische Modul 1 (grundlegende Aufgaben), das Ganze in einem Block von 230 Lektionen.<\/p>\n<p>Das spezifische Modul 2 (Strassenverkehr), 52 Lektionen,<\/p>\n<p>Das spezifische Modul 8 (pers\u00f6nliche Sicherheit II), 120 Lektionen.<\/p>\n<p>Diese Ausbildungen\u2026<\/p>\n<ul>\n<li>sind anspruchsvoll und intensiv<\/li>\n<li>sind modular<\/li>\n<li>erlauben das Erlangen eines schweizweit anerkannten Zertifikats des Schweizerischen Polizei-Instituts.<\/li>\n<\/ul>\n<p>Um ein SPI Zertifikat zu erhalten muss die Pr\u00fcfung des Basismoduls sowie die eines spezifischen Moduls erfolgreich bestanden werden.<\/p>\n<p>Ein Zertifikat kann durch Zusatzbescheinigungen erg\u00e4nzt werden, indem an der Pr\u00fcfung anderer spezifischen Module teilgenommen wird.[\/vc_column_text][\/vc_column][\/vc_row][vc_row bg_type=&#8220;color&#8220; bg_color=&#8220;#f9f9f9&#8243;][vc_column width=&#8220;1\/2&#8243; css=&#8220;.vc_custom_1539184156093{margin-top: 32px !important;margin-bottom: 32px !important;}&#8220;]<h5 class=\"grve-element grve-title grve-align-left grve-h5\" style=\"\"><span>\u00d6ffentliche Einrichtungen<\/span><\/h5>[vc_column_text]<\/p>\n<p>Das IPAZ bietet massgeschneiderte Ausbildungen f\u00fcr mehrere \u00f6ffentliche oder halb\u00f6ffentliche, sowie private Einrichtungen an, wie :<\/p>\n<ul>\n<li>Andere Staatsdienste<\/li>\n<li>Gemeindepolizeien<\/li>\n<li>Dienste im \u00f6ffentlichen, kommunalen Bereich oder der \u00f6ffentlichen Sicherheit<\/li>\n<li>Gefangenenanstalten<\/li>\n<li>Steuerverwaltungen<\/li>\n<li>\u00c4mter f\u00fcr Wald, Wild und Natur<\/li>\n<li>Private Sicherheitsunternehmen (im Bereich der Verkehrsregelung)<\/li>\n<\/ul>\n<p>[\/vc_column_text][\/vc_column][vc_column width=&#8220;1\/2&#8243; css=&#8220;.vc_custom_1539184161871{margin-top: 62px !important;margin-bottom: 32px !important;}&#8220;][vc_column_text]<\/p>\n<p>Die Ausbildungen werden in folgenden Bereichen erteilt\u00a0:<\/p>\n<ul>\n<li>Grundausbildung und fachliche Ausbildung der Sicherheitsassistenten\u00b7innen<\/li>\n<li>Weiterbildung im Schusswaffengebrauch f\u00fcr Wildh\u00fcter\u00b7in<\/li>\n<li>Weiterbildung im Bereich Zwangsmassnahmen f\u00fcr die Sicherheitsassistenten\u00b7innen und Vollzugsangestellten<\/li>\n<li>Entwicklung der Kompetenzen im Bereich organisatorische Verwaltung f\u00fcr Kader<\/li>\n<li>Ausbildung f\u00fcr die Verkehrsregelung.<\/li>\n<\/ul>\n<p>F\u00fcr weitere Ausk\u00fcnfte stehen wir Ihnen gerne zur Verf\u00fcgung\u00a0:<\/p>\n<p><u><a href=\"mailto:cifpol@ne.ch\">Schule Colombier (NE\/JU)<\/a><\/u>\u00a0 und\/oder\u00a0 <u><a href=\"mailto:cifpol-ipaz@fr.ch\">Schule Granges-Paccot (FR)<\/a><\/u><\/p>\n<p>[\/vc_column_text][\/vc_column][\/vc_row][vc_row section_type=&#8220;fullwidth&#8220;][vc_column]<div class=\"grve-element grve-carousel-wrapper\"  style=\" \"><div class=\"grve-carousel-navigation grve-dark grve-navigation-1 grve-navigation-default\">\t<div class=\"grve-carousel-buttons\">\t\t<div class=\"grve-carousel-prev\">\t\t\t<i class=\"grve-icon-arrow-left-alt\"><\/i>\t\t<\/div>\t\t<div class=\"grve-carousel-next\">\t\t\t<i class=\"grve-icon-arrow-right-alt\"><\/i>\t\t<\/div>\t<\/div><\/div><div class=\"grve-slider grve-carousel-element\" data-slider-speed=\"3500\" data-slider-pause=\"no\" data-slider-autoplay=\"yes\" data-slider-autoheight=\"no\"><div class=\"grve-slider-item\"><figure><div class=\"grve-media\"><img loading=\"lazy\" decoding=\"async\" width=\"1920\" height=\"720\" src=\"https:\/\/cifpol.ch\/wp-content\/uploads\/2018\/09\/Site_FRCH_038-1-1920x720.jpg\" class=\"attachment-blade-grve-fullscreen size-blade-grve-fullscreen\" alt=\"\" srcset=\"https:\/\/cifpol.ch\/wp-content\/uploads\/2018\/09\/Site_FRCH_038-1-1920x720.jpg 1920w, https:\/\/cifpol.ch\/wp-content\/uploads\/2018\/09\/Site_FRCH_038-1-300x113.jpg 300w, https:\/\/cifpol.ch\/wp-content\/uploads\/2018\/09\/Site_FRCH_038-1-768x288.jpg 768w, https:\/\/cifpol.ch\/wp-content\/uploads\/2018\/09\/Site_FRCH_038-1-1024x384.jpg 1024w, https:\/\/cifpol.ch\/wp-content\/uploads\/2018\/09\/Site_FRCH_038-1-1080x405.jpg 1080w, https:\/\/cifpol.ch\/wp-content\/uploads\/2018\/09\/Site_FRCH_038-1-600x225.jpg 600w\" sizes=\"auto, (max-width: 1920px) 100vw, 1920px\" \/><\/div><\/figure><\/div><div class=\"grve-slider-item\"><figure><div class=\"grve-media\"><img loading=\"lazy\" decoding=\"async\" width=\"1920\" height=\"720\" src=\"https:\/\/cifpol.ch\/wp-content\/uploads\/2018\/10\/Autres-formations-1-1920x720.jpg\" class=\"attachment-blade-grve-fullscreen size-blade-grve-fullscreen\" alt=\"\" srcset=\"https:\/\/cifpol.ch\/wp-content\/uploads\/2018\/10\/Autres-formations-1-1920x720.jpg 1920w, https:\/\/cifpol.ch\/wp-content\/uploads\/2018\/10\/Autres-formations-1-300x113.jpg 300w, https:\/\/cifpol.ch\/wp-content\/uploads\/2018\/10\/Autres-formations-1-768x288.jpg 768w, https:\/\/cifpol.ch\/wp-content\/uploads\/2018\/10\/Autres-formations-1-1024x384.jpg 1024w\" sizes=\"auto, (max-width: 1920px) 100vw, 1920px\" \/><\/div><\/figure><\/div><div class=\"grve-slider-item\"><figure><div class=\"grve-media\"><img loading=\"lazy\" decoding=\"async\" width=\"1920\" height=\"720\" src=\"https:\/\/cifpol.ch\/wp-content\/uploads\/2018\/10\/CIFPOL_18-1920x720.jpg\" class=\"attachment-blade-grve-fullscreen size-blade-grve-fullscreen\" alt=\"\" srcset=\"https:\/\/cifpol.ch\/wp-content\/uploads\/2018\/10\/CIFPOL_18-1920x720.jpg 1920w, https:\/\/cifpol.ch\/wp-content\/uploads\/2018\/10\/CIFPOL_18-300x113.jpg 300w, https:\/\/cifpol.ch\/wp-content\/uploads\/2018\/10\/CIFPOL_18-768x288.jpg 768w, https:\/\/cifpol.ch\/wp-content\/uploads\/2018\/10\/CIFPOL_18-1024x384.jpg 1024w\" sizes=\"auto, (max-width: 1920px) 100vw, 1920px\" \/><\/div><\/figure><\/div><div class=\"grve-slider-item\"><figure><div class=\"grve-media\"><img loading=\"lazy\" decoding=\"async\" width=\"1920\" height=\"721\" src=\"https:\/\/cifpol.ch\/wp-content\/uploads\/2018\/10\/Autres-formations-2-1920x721.jpg\" class=\"attachment-blade-grve-fullscreen size-blade-grve-fullscreen\" alt=\"\" srcset=\"https:\/\/cifpol.ch\/wp-content\/uploads\/2018\/10\/Autres-formations-2-1920x721.jpg 1920w, https:\/\/cifpol.ch\/wp-content\/uploads\/2018\/10\/Autres-formations-2-300x113.jpg 300w, https:\/\/cifpol.ch\/wp-content\/uploads\/2018\/10\/Autres-formations-2-768x288.jpg 768w, https:\/\/cifpol.ch\/wp-content\/uploads\/2018\/10\/Autres-formations-2-1024x384.jpg 1024w\" sizes=\"auto, (max-width: 1920px) 100vw, 1920px\" \/><\/div><\/figure><\/div><div class=\"grve-slider-item\"><figure><div class=\"grve-media\"><img loading=\"lazy\" decoding=\"async\" width=\"1920\" height=\"720\" src=\"https:\/\/cifpol.ch\/wp-content\/uploads\/2018\/10\/Autres-formations-4-1920x720.jpg\" class=\"attachment-blade-grve-fullscreen size-blade-grve-fullscreen\" alt=\"\" srcset=\"https:\/\/cifpol.ch\/wp-content\/uploads\/2018\/10\/Autres-formations-4-1920x720.jpg 1920w, https:\/\/cifpol.ch\/wp-content\/uploads\/2018\/10\/Autres-formations-4-300x113.jpg 300w, https:\/\/cifpol.ch\/wp-content\/uploads\/2018\/10\/Autres-formations-4-768x288.jpg 768w, https:\/\/cifpol.ch\/wp-content\/uploads\/2018\/10\/Autres-formations-4-1024x384.jpg 1024w\" sizes=\"auto, (max-width: 1920px) 100vw, 1920px\" \/><\/div><\/figure><\/div><\/div><\/div>[\/vc_column][\/vc_row]<\/p>\n<\/div>","protected":false},"excerpt":{"rendered":"<p>[vc_row][vc_column][\/vc_column][\/vc_row][vc_row][vc_column width=&#8220;1\/2&#8243; css=&#8220;.vc_custom_1539184170176{margin-bottom: 32px !important;}&#8220;][vc_column_text] Der\u00b7die Sicherheitsassistent\u00b7in f\u00fchrt administrative und sicherheitstechnische Auftr\u00e4ge, einige als Unterst\u00fctzung von Polizisten\u00b7innen, aus. Er\u00b7sie kann eingesetzt werden\u2026 am Empfangsschalter einer Gemeinde- oder Kantonspolizei in einer Einsatzzentrale in jedem anderen Umfeld in jedem anderen Umfeld, zum Beispiel, im Terrain, zur Unterst\u00fctzung von Polizisten\u00b7innen. [\/vc_column_text][vc_column_text] Personen, die sich f\u00fcr die Ausbildung als [&hellip;]<\/p>\n","protected":false},"author":5,"featured_media":0,"parent":0,"menu_order":0,"comment_status":"closed","ping_status":"closed","template":"","meta":{"footnotes":""},"class_list":["post-11432","page","type-page","status-publish","hentry"],"_links":{"self":[{"href":"https:\/\/cifpol.ch\/de\/wp-json\/wp\/v2\/pages\/11432","targetHints":{"allow":["GET"]}}],"collection":[{"href":"https:\/\/cifpol.ch\/de\/wp-json\/wp\/v2\/pages"}],"about":[{"href":"https:\/\/cifpol.ch\/de\/wp-json\/wp\/v2\/types\/page"}],"author":[{"embeddable":true,"href":"https:\/\/cifpol.ch\/de\/wp-json\/wp\/v2\/users\/5"}],"replies":[{"embeddable":true,"href":"https:\/\/cifpol.ch\/de\/wp-json\/wp\/v2\/comments?post=11432"}],"version-history":[{"count":7,"href":"https:\/\/cifpol.ch\/de\/wp-json\/wp\/v2\/pages\/11432\/revisions"}],"predecessor-version":[{"id":11760,"href":"https:\/\/cifpol.ch\/de\/wp-json\/wp\/v2\/pages\/11432\/revisions\/11760"}],"wp:attachment":[{"href":"https:\/\/cifpol.ch\/de\/wp-json\/wp\/v2\/media?parent=11432"}],"curies":[{"name":"wp","href":"https:\/\/api.w.org\/{rel}","templated":true}]}}