{"id":11425,"date":"2018-08-13T17:09:42","date_gmt":"2018-08-13T15:09:42","guid":{"rendered":"https:\/\/px0ddskuh.preview.infomaniak.website\/accueil\/"},"modified":"2026-04-02T14:58:15","modified_gmt":"2026-04-02T13:58:15","slug":"accueil","status":"publish","type":"page","link":"https:\/\/cifpol.ch\/de\/","title":{"rendered":"Empfang"},"content":{"rendered":"<div class=\"wpb-content-wrapper\"><p>[vc_row bg_type=&#8220;color&#8220; bg_color=&#8220;#0244b5&#8243; section_id=&#8220;recrude&#8220;][vc_column css=&#8220;.vc_custom_1541513901870{background-color: #0244b5 !important;}&#8220;][vc_empty_space height=&#8220;42px&#8220;][vc_column_text css=&#8220;&#8220;]<\/p>\n<h4 style=\"text-align: center;\"><strong>DIE REKRUTIERUNG F\u00dcR DIE POLIZEISCHULE 2026<\/strong><\/h4>\n<h5 style=\"text-align: center;\">FR = ANMELDUNGEN OFFEN<\/h5>\n<h5 style=\"text-align: center;\">JU = ANMELDUNGEN OFFEN<\/h5>\n<h5 style=\"text-align: center;\">NE = ANMELDUNGEN OFFEN<\/h5>\n<p>&nbsp;<\/p>\n<h5 style=\"text-align: center;\">Mehr Informationen erhalten Sie auf den Websites von <a href=\"https:\/\/www.fr.ch\/de\/bildung-und-schulen\/berufsbildung\/polizistin-werden\/polizistin-werden-informationsveranstaltung\" target=\"_blank\" rel=\"noopener\">Freiburg<\/a> \u2013 <a href=\"https:\/\/www.ne.ch\/autorites\/dsdc\/pone\/travailler\/prochain-recrutement\" target=\"_blank\" rel=\"noopener\">Neuenburg <\/a>\u2013 <a href=\"https:\/\/www.ne.ch\/autorites\/dsdc\/pone\/travailler\/prochain-recrutement\" target=\"_blank\" rel=\"noopener\">Jura<\/a><\/h5>\n<p>[\/vc_column_text][vc_empty_space height=&#8220;12px&#8220;][\/vc_column][\/vc_row][vc_row padding_top=&#8220;0&#8243; padding_bottom=&#8220;0&#8243; margin_bottom=&#8220;0&#8243; font_color=&#8220;#717275&#8243;][vc_column css=&#8220;.vc_custom_1537281535492{margin-top: 0px !important;}&#8220; font_color=&#8220;#000000&#8243;]<h3 class=\"grve-element grve-title grve-align-left grve-h3\" style=\"\"><span>Eine direktion, zwei Standorte, drei Kantone<\/span><\/h3>[\/vc_column][\/vc_row][vc_row font_color=&#8220;#717275&#8243;][vc_column width=&#8220;1\/2&#8243;][vc_column_text css=&#8220;.vc_custom_1775138283311{margin-top: 32px !important;}&#8220;]<\/p>\n<p>Das interregionale Polizei-Ausbildungszentrum IPAZ ist insbesondere f\u00fcr die Ausbildung der Polizeiaspiranten\u00b7innen der Kantone <a href=\"http:\/\/www.policefr.ch\">Freiburg<\/a>, <a href=\"https:\/\/www.ne.ch\/autorites\/dsdc\/pone\">Neuenburg<\/a> und <a href=\"https:\/\/www.jura.ch\/police\">Jura<\/a> sowie der Sicherheitsassistenten\u00b7innen dieser drei Kantone zust\u00e4ndig.<\/p>\n<p>Unter der F\u00fchrung einer einzigen Leitung ist das Ziel, die besten bestehenden Praktiken zu unterrichten und alle m\u00f6glichen Synergien zwischen den drei Partnerkantonen zu nutzen.&nbsp;Dieses dezentralisierte Modell gew\u00e4hrleistet die N\u00e4he zu den Polizeikorps, bietet einen einheitlichen Ausbildungsrahmen und beg\u00fcnstigt den Austausch von Wissen und Kompetenzen.<\/p>\n<p>[\/vc_column_text][vc_column_text]Profis aus dem \u00ab Terrain \u00bb oder permanente Ausbilder\u00b7innen, die \u00fcber eine p\u00e4dagogische Ausbildung (SPI) verf\u00fcgen, erteilen an beiden Standorten Kurse in zwei Sprachen. Ihr Profil garantiert die Qualit\u00e4t der Ausbildung von j\u00e4hrlich 60 bis 70 Lernenden des IPaz.[\/vc_column_text][vc_column_text css=&#8220;&#8220;]<strong>Direktion IPaz<\/strong><br \/>\nRoute de l\u2019Arsenal 2<br \/>\n2013 Colombier<br \/>\n<span class=\"baec5a81-e4d6-4674-97f3-e9220f0136c1\" style=\"white-space: nowrap;\">+41 32 889 90 90<\/span><br \/>\n<a href=\"mailto:cifpol@ne.ch\" target=\"_blank\" rel=\"noopener\">e-mail<\/a>[\/vc_column_text][\/vc_column][vc_column width=&#8220;1\/2&#8243;]<div class=\"grve-element grve-image grve-align-center\" style=\"\"><img loading=\"lazy\" decoding=\"async\" width=\"1635\" height=\"1168\" src=\"https:\/\/cifpol.ch\/wp-content\/uploads\/2018\/09\/troi-cantons-1.jpg\" class=\"grve-full-image attachment-full size-full\" alt=\"\" srcset=\"https:\/\/cifpol.ch\/wp-content\/uploads\/2018\/09\/troi-cantons-1.jpg 1x,https:\/\/cifpol.ch\/wp-content\/uploads\/2018\/09\/troi-cantons-1.jpg 2x\" \/><\/div>[vc_row_inner][vc_column_inner width=&#8220;1\/3&#8243; tablet_sm_width=&#8220;1-3&#8243; mobile_width=&#8220;1-3&#8243;]<div class=\"grve-element grve-box-icon grve-align-center grve-medium\" style=\"\"><a href=\"https:\/\/www.fr.ch\/pol\" target=\"_blank\" class=\"\"><div class=\"grve-image-icon\"><img loading=\"lazy\" decoding=\"async\" width=\"605\" height=\"765\" src=\"https:\/\/cifpol.ch\/wp-content\/uploads\/2018\/08\/Wappen_Freiburg_matt.svg_.png\" class=\"attachment-full size-full\" alt=\"\" srcset=\"https:\/\/cifpol.ch\/wp-content\/uploads\/2018\/08\/Wappen_Freiburg_matt.svg_.png 605w, https:\/\/cifpol.ch\/wp-content\/uploads\/2018\/08\/Wappen_Freiburg_matt.svg_-237x300.png 237w, https:\/\/cifpol.ch\/wp-content\/uploads\/2018\/08\/Wappen_Freiburg_matt.svg_-600x759.png 600w\" sizes=\"auto, (max-width: 605px) 100vw, 605px\" \/><\/div>  <div class=\"grve-box-content\">      <h6 class=\"grve-box-title grve-h6\">Freiburg<\/h6>  <\/div><\/a><\/div>[\/vc_column_inner][vc_column_inner width=&#8220;1\/3&#8243; tablet_width=&#8220;1-3&#8243; tablet_sm_width=&#8220;1-3&#8243; mobile_width=&#8220;1-3&#8243;]<div class=\"grve-element grve-box-icon grve-align-center grve-medium\" style=\"\"><a href=\"https:\/\/www.ne.ch\/autorites\/dsdc\/pone\" target=\"_blank\" class=\"\"><div class=\"grve-image-icon\"><img loading=\"lazy\" decoding=\"async\" width=\"406\" height=\"493\" src=\"https:\/\/cifpol.ch\/wp-content\/uploads\/2018\/08\/Wappen_Neuenburg_matt.svg_.png\" class=\"attachment-full size-full\" alt=\"\" srcset=\"https:\/\/cifpol.ch\/wp-content\/uploads\/2018\/08\/Wappen_Neuenburg_matt.svg_.png 406w, https:\/\/cifpol.ch\/wp-content\/uploads\/2018\/08\/Wappen_Neuenburg_matt.svg_-247x300.png 247w\" sizes=\"auto, (max-width: 406px) 100vw, 406px\" \/><\/div>  <div class=\"grve-box-content\">      <h6 class=\"grve-box-title grve-h6\">Neuenburg<\/h6>  <\/div><\/a><\/div>[\/vc_column_inner][vc_column_inner width=&#8220;1\/3&#8243; tablet_width=&#8220;1-3&#8243; tablet_sm_width=&#8220;1-3&#8243; mobile_width=&#8220;1-3&#8243;]<div class=\"grve-element grve-box-icon grve-align-center grve-medium\" style=\"\"><a href=\"https:\/\/www.jura.ch\/police\" target=\"_blank\" class=\"\"><div class=\"grve-image-icon\"><img loading=\"lazy\" decoding=\"async\" width=\"1734\" height=\"2222\" src=\"https:\/\/cifpol.ch\/wp-content\/uploads\/2018\/10\/Jurafondblanc.png\" class=\"attachment-full size-full\" alt=\"\" srcset=\"https:\/\/cifpol.ch\/wp-content\/uploads\/2018\/10\/Jurafondblanc.png 1734w, https:\/\/cifpol.ch\/wp-content\/uploads\/2018\/10\/Jurafondblanc-234x300.png 234w, https:\/\/cifpol.ch\/wp-content\/uploads\/2018\/10\/Jurafondblanc-768x984.png 768w, https:\/\/cifpol.ch\/wp-content\/uploads\/2018\/10\/Jurafondblanc-799x1024.png 799w, https:\/\/cifpol.ch\/wp-content\/uploads\/2018\/10\/Jurafondblanc-1498x1920.png 1498w\" sizes=\"auto, (max-width: 1734px) 100vw, 1734px\" \/><\/div>  <div class=\"grve-box-content\">      <h6 class=\"grve-box-title grve-h6\">Jura<\/h6>  <\/div><\/a><\/div>[\/vc_column_inner][\/vc_row_inner][\/vc_column][\/vc_row][vc_row][vc_column width=&#8220;1\/3&#8243;][\/vc_column][vc_column width=&#8220;1\/3&#8243;][\/vc_column][vc_column width=&#8220;1\/3&#8243;][\/vc_column][\/vc_row][vc_row bg_type=&#8220;color&#8220; bg_color=&#8220;#f9f9f9&#8243;][vc_column width=&#8220;1\/2&#8243; css=&#8220;.vc_custom_1539093652160{margin-top: 32px !important;margin-bottom: 32px !important;}&#8220;]<h3 class=\"grve-element grve-title grve-align-left grve-h3\" style=\"\"><span>Die polizeilichen Kompetenzen stetig weiterentwickeln und verbessern<\/span><\/h3>[vc_column_text]Der Auftrag des IPAZ zielt auf die Gew\u00e4hrleistung einer angepassten Polizeiaktion ab, jederzeit und in jeder Situation.<\/p>\n<p>Hierzu arbeiten wir vernetzt mit den verschiedenen Partnern der polizeilichen Ausbildung \u2013 Schweizer Polizei-Ausbildungszentren, Spezialisten der verschiedenen Sicherheitsbereichen, Schweizerisches Polizei-Instituts <a href=\"http:\/\/www.institut-police.ch\/fr\/index.html\">(SPI)<\/a> \u2013 was zur Folge hat, dass wir unsere Inhalte und unsere Unterrichtsmethoden fortw\u00e4hrend anzupassen.<\/p>\n<p>Letztendlich ist unsere Vision<\/p>\n<blockquote>\n<p>\u00ab Zur Referenz im Bereich polizeiliche Ausbildung zu werden \u00bb.<\/p>\n<\/blockquote>\n<p>[\/vc_column_text][\/vc_column][vc_column width=&#8220;1\/2&#8243; css=&#8220;.vc_custom_1539093664335{margin-top: 32px !important;}&#8220;]<h3 class=\"grve-element grve-title grve-align-left grve-h3\" style=\"\"><span>Eine Devise \u00ab die Zusammenarbeit \u00bb !<\/span><\/h3>[vc_column_text]Die Schaffung des IPaz entspricht somit dem nationalen Prozess zur Zusammenschliessung polizeilicher Ausbildungen in regionalen Zentren, gem\u00e4ss des vor der Konferenz der Kantonalen Justiz- und Polizeidirektorinnen und \u2013direktoren (KKJPD) angenommenen, allgemeinen Ausbildungskonzepts.<\/p>\n<p>Die Zusammenarbeit zwischen den Polizeischulen Granges-Paccot\/FR und Colombier\/NE hat im Oktober 2013 begonnen und intensivierte sich bei der Unterzeichnung der Vereinbarungen, zwischen 2015 und 2016, durch die f\u00fcr die Sicherheit zust\u00e4ndigen Staatsr\u00e4te der drei Partnerkantone.<\/p>\n<p>Das IPaz wurde am 8. November 2016 in Saignel\u00e9gier\/JU offiziell er\u00f6ffnet und der erste Lehrgang des IPaz begann am 9. Januar 2017.[\/vc_column_text][\/vc_column][\/vc_row][vc_row][vc_column][\/vc_column][\/vc_row]<\/p>\n<\/div>","protected":false},"excerpt":{"rendered":"<p>[vc_row bg_type=&#8220;color&#8220; bg_color=&#8220;#0244b5&#8243; section_id=&#8220;recrude&#8220;][vc_column css=&#8220;.vc_custom_1541513901870{background-color: #0244b5 !important;}&#8220;][vc_empty_space height=&#8220;42px&#8220;][vc_column_text css=&#8220;&#8220;] DIE REKRUTIERUNG F\u00dcR DIE POLIZEISCHULE 2026 FR = ANMELDUNGEN OFFEN JU = ANMELDUNGEN OFFEN NE = ANMELDUNGEN OFFEN &nbsp; Mehr Informationen erhalten Sie auf den Websites von Freiburg \u2013 Neuenburg \u2013 Jura [\/vc_column_text][vc_empty_space height=&#8220;12px&#8220;][\/vc_column][\/vc_row][vc_row padding_top=&#8220;0&#8243; padding_bottom=&#8220;0&#8243; margin_bottom=&#8220;0&#8243; font_color=&#8220;#717275&#8243;][vc_column css=&#8220;.vc_custom_1537281535492{margin-top: 0px !important;}&#8220; font_color=&#8220;#000000&#8243;][\/vc_column][\/vc_row][vc_row font_color=&#8220;#717275&#8243;][vc_column width=&#8220;1\/2&#8243;][vc_column_text css=&#8220;.vc_custom_1775138283311{margin-top: 32px [&hellip;]<\/p>\n","protected":false},"author":5,"featured_media":0,"parent":0,"menu_order":0,"comment_status":"closed","ping_status":"closed","template":"","meta":{"footnotes":""},"class_list":["post-11425","page","type-page","status-publish","hentry"],"_links":{"self":[{"href":"https:\/\/cifpol.ch\/de\/wp-json\/wp\/v2\/pages\/11425","targetHints":{"allow":["GET"]}}],"collection":[{"href":"https:\/\/cifpol.ch\/de\/wp-json\/wp\/v2\/pages"}],"about":[{"href":"https:\/\/cifpol.ch\/de\/wp-json\/wp\/v2\/types\/page"}],"author":[{"embeddable":true,"href":"https:\/\/cifpol.ch\/de\/wp-json\/wp\/v2\/users\/5"}],"replies":[{"embeddable":true,"href":"https:\/\/cifpol.ch\/de\/wp-json\/wp\/v2\/comments?post=11425"}],"version-history":[{"count":37,"href":"https:\/\/cifpol.ch\/de\/wp-json\/wp\/v2\/pages\/11425\/revisions"}],"predecessor-version":[{"id":11973,"href":"https:\/\/cifpol.ch\/de\/wp-json\/wp\/v2\/pages\/11425\/revisions\/11973"}],"wp:attachment":[{"href":"https:\/\/cifpol.ch\/de\/wp-json\/wp\/v2\/media?parent=11425"}],"curies":[{"name":"wp","href":"https:\/\/api.w.org\/{rel}","templated":true}]}}